{"id":2207,"date":"2019-10-29T16:40:18","date_gmt":"2019-10-29T15:40:18","guid":{"rendered":"http:\/\/cj-grafik.de\/?page_id=2207"},"modified":"2020-09-05T18:17:03","modified_gmt":"2020-09-05T16:17:03","slug":"visualisieren","status":"publish","type":"page","link":"http:\/\/cj-grafik.de\/?page_id=2207","title":{"rendered":"Zeichnen als Sprache"},"content":{"rendered":"\n<p>Dauer: 1\u20132 Stunden (auf Anfrage auch l\u00e4nger)<br>Alter: ab 16 Jahre<br>Teilnehmeranzahl: bis 12<\/p>\n\n\n\n<p>Ziel: Die TeilnehmerInnen erlernen eine neue Sprache. Frei nach dem Motto &#8222;Wer schreiben kann, kann auch zeichnen&#8220; visualisieren wir mit einfachsten Mitteln Geschichten ohne Worte. Nicht die Sch\u00f6nheit, sondern die Lesbarkeit des Gezeichneten steht dabei im Vordergrund. <\/p>\n\n\n\n<p>Stationen:<br>1. Wir stellen Personen als Strichm\u00e4nnchen dar. Hier k\u00f6nnen wir mit einfachen Mitteln schon unterscheidbare Individuen und Charaktere herausarbeiten. <\/p>\n\n\n\n<p>2. Die Strichm\u00e4nnchen sind gerade durch ihre Einfachheit sehr beweglich. Wenn wir uns an ein paar einfache Grundregeln halten, k\u00f6nnen wir leicht Aktivit\u00e4ten und K\u00f6rpersprache darstellen. <\/p>\n\n\n\n<p>3. Was braucht es, um eine Emotion darzustellen? Erstaunlich wenig! In den meisten F\u00e4llen ver\u00e4ndern wir nur den Mund und die Augen. Ich zeige den TeilnehmerInnen, worauf sie achten m\u00fcssen. <\/p>\n\n\n\n<p>4. Die wenigsten Geschichten finden im luftleeren Raum statt. Die TeilnehmerInnen brauchen aber kein Wissen \u00fcber Perspektive \u2013 es reichen Andeutungen, um die B\u00fchne f\u00fcr unsere Figuren lebendig zu gestalten. <\/p>\n\n\n\n<ul class=\"wp-block-gallery columns-2 is-cropped\"><li class=\"blocks-gallery-item\"><figure><img loading=\"lazy\" width=\"660\" height=\"924\" src=\"http:\/\/cj-grafik.de\/wp-content\/uploads\/Visualisieren_1.jpg\" alt=\"\" data-id=\"2219\" data-link=\"http:\/\/cj-grafik.de\/workshop\/visualisieren\/visualisieren_1\" class=\"wp-image-2219\" srcset=\"http:\/\/cj-grafik.de\/wp-content\/uploads\/Visualisieren_1.jpg 660w, http:\/\/cj-grafik.de\/wp-content\/uploads\/Visualisieren_1-214x300.jpg 214w, http:\/\/cj-grafik.de\/wp-content\/uploads\/Visualisieren_1-107x150.jpg 107w, http:\/\/cj-grafik.de\/wp-content\/uploads\/Visualisieren_1-400x560.jpg 400w\" sizes=\"(max-width: 660px) 100vw, 660px\" \/><\/figure><\/li><li class=\"blocks-gallery-item\"><figure><img loading=\"lazy\" width=\"660\" height=\"924\" src=\"http:\/\/cj-grafik.de\/wp-content\/uploads\/Visualisieren_2.jpg\" alt=\"\" data-id=\"2220\" data-link=\"http:\/\/cj-grafik.de\/workshop\/visualisieren\/visualisieren_2\" class=\"wp-image-2220\" srcset=\"http:\/\/cj-grafik.de\/wp-content\/uploads\/Visualisieren_2.jpg 660w, http:\/\/cj-grafik.de\/wp-content\/uploads\/Visualisieren_2-214x300.jpg 214w, http:\/\/cj-grafik.de\/wp-content\/uploads\/Visualisieren_2-107x150.jpg 107w, http:\/\/cj-grafik.de\/wp-content\/uploads\/Visualisieren_2-400x560.jpg 400w\" sizes=\"(max-width: 660px) 100vw, 660px\" \/><\/figure><\/li><\/ul>\n\n\n\n<p>Ich bringe mit:&nbsp;<br>\u2022 f\u00fcnf Arbeitsbl\u00e4tter\/Handouts&nbsp;<\/p>\n\n\n\n<p>Ich ben\u00f6tige:<br>\u2022 je nach Teilnehmerzahl Tafel\/Flipboard\/Whiteboard<br>\u2022 evtl. Stifte und Papier f\u00fcr die TeilnehmerInnen<\/p>\n\n\n\n<p><a href=\"http:\/\/cj-grafik.de\/?page_id=1631\">\u2026 zur\u00fcck zu den Workshops<\/a><\/p>\n","protected":false},"excerpt":{"rendered":"\n<p>Dauer: 1\u20132 Stunden (auf Anfrage auch l\u00e4nger)Alter: ab 16 JahreTeilnehmeranzahl: bis 12<\/p>\n<p>Ziel: Die TeilnehmerInnen erlernen eine neue Sprache. Frei nach dem Motto &#8222;Wer schreiben kann, kann auch zeichnen&#8220; visualisieren wir mit einfachsten Mitteln Geschichten ohne Worte. Nicht die Sch\u00f6nheit, sondern die Lesbarkeit des Gezeichneten steht dabei im Vordergrund. <\/p>\n<p>Stationen:1. Wir stellen Personen [&#8230;]<\/p>\n","protected":false},"author":1,"featured_media":0,"parent":1631,"menu_order":2,"comment_status":"closed","ping_status":"closed","template":"","meta":[],"_links":{"self":[{"href":"http:\/\/cj-grafik.de\/index.php?rest_route=\/wp\/v2\/pages\/2207"}],"collection":[{"href":"http:\/\/cj-grafik.de\/index.php?rest_route=\/wp\/v2\/pages"}],"about":[{"href":"http:\/\/cj-grafik.de\/index.php?rest_route=\/wp\/v2\/types\/page"}],"author":[{"embeddable":true,"href":"http:\/\/cj-grafik.de\/index.php?rest_route=\/wp\/v2\/users\/1"}],"replies":[{"embeddable":true,"href":"http:\/\/cj-grafik.de\/index.php?rest_route=%2Fwp%2Fv2%2Fcomments&post=2207"}],"version-history":[{"count":7,"href":"http:\/\/cj-grafik.de\/index.php?rest_route=\/wp\/v2\/pages\/2207\/revisions"}],"predecessor-version":[{"id":2349,"href":"http:\/\/cj-grafik.de\/index.php?rest_route=\/wp\/v2\/pages\/2207\/revisions\/2349"}],"up":[{"embeddable":true,"href":"http:\/\/cj-grafik.de\/index.php?rest_route=\/wp\/v2\/pages\/1631"}],"wp:attachment":[{"href":"http:\/\/cj-grafik.de\/index.php?rest_route=%2Fwp%2Fv2%2Fmedia&parent=2207"}],"curies":[{"name":"wp","href":"https:\/\/api.w.org\/{rel}","templated":true}]}}