{"id":2209,"date":"2019-10-29T16:40:56","date_gmt":"2019-10-29T15:40:56","guid":{"rendered":"http:\/\/cj-grafik.de\/?page_id=2209"},"modified":"2020-09-05T18:17:17","modified_gmt":"2020-09-05T16:17:17","slug":"daumenkino","status":"publish","type":"page","link":"http:\/\/cj-grafik.de\/?page_id=2209","title":{"rendered":"Daumenkino"},"content":{"rendered":"\n<p>Dauer: 2\u20133 Stunden (auf Anfrage auch l\u00e4nger)<br>Alter: ab 9 Jahre<br>Teilnehmeranzahl: bis 12<br><br>Ziel: Die TeilnehmerInnen lernen Gestaltungsprinzipien und -techniken kennen und zeichnen ihr eigenes, individuelles Daumenkino. Der Spa\u00df steht dabei im Vordergrund.&nbsp;<\/p>\n\n\n\n<p>Stationen:<br>1. Wie funktioniert ein Daumenkino?<br>Vor der Arbeit kommt das Vergn\u00fcgen: Wir schauen uns Daumenkinos an und &nbsp;\u00fcberlegen zusammen, wie diese funktionieren. Dann probieren wir selber ein paar einfache Animationen aus und entdecken, wie aus einzelnen Bildern die Illusion einer Bewegung entsteht.<\/p>\n\n\n\n<p>2. Wie fange ich an?<br>Worum soll es im eigenen Daumenkino gehen? Ist es ein Action-Epos oder sehen wir einer Blume beim wachsen zu? Hier gilt: je einfacher, desto besser! Ich helfe den Teilnehmern beim planen und skizzieren. <\/p>\n\n\n\n<p>3. Wie werde ich fertig?<br>Jetzt ist ein wenig Flei\u00df gefragt, aber der Lohn ist der eigene Trickfilm f\u00fcr die Hosentasche! Den TeilnehmerInnen stehe ich die ganze Zeit mit Ideen und L\u00f6sungen zur Verf\u00fcgung. <\/p>\n\n\n\n<ul class=\"wp-block-gallery columns-3 is-cropped\"><li class=\"blocks-gallery-item\"><figure><img loading=\"lazy\" width=\"660\" height=\"922\" src=\"http:\/\/cj-grafik.de\/wp-content\/uploads\/Daumenkino_1.jpg\" alt=\"\" data-id=\"2225\" data-link=\"http:\/\/cj-grafik.de\/workshop\/daumenkino\/daumenkino_1\" class=\"wp-image-2225\" srcset=\"http:\/\/cj-grafik.de\/wp-content\/uploads\/Daumenkino_1.jpg 660w, http:\/\/cj-grafik.de\/wp-content\/uploads\/Daumenkino_1-215x300.jpg 215w, http:\/\/cj-grafik.de\/wp-content\/uploads\/Daumenkino_1-107x150.jpg 107w, http:\/\/cj-grafik.de\/wp-content\/uploads\/Daumenkino_1-400x559.jpg 400w\" sizes=\"(max-width: 660px) 100vw, 660px\" \/><\/figure><\/li><li class=\"blocks-gallery-item\"><figure><img loading=\"lazy\" width=\"660\" height=\"921\" src=\"http:\/\/cj-grafik.de\/wp-content\/uploads\/Daumenkino_2.jpg\" alt=\"\" data-id=\"2226\" data-link=\"http:\/\/cj-grafik.de\/workshop\/daumenkino\/daumenkino_2\" class=\"wp-image-2226\" srcset=\"http:\/\/cj-grafik.de\/wp-content\/uploads\/Daumenkino_2.jpg 660w, http:\/\/cj-grafik.de\/wp-content\/uploads\/Daumenkino_2-215x300.jpg 215w, http:\/\/cj-grafik.de\/wp-content\/uploads\/Daumenkino_2-107x150.jpg 107w, http:\/\/cj-grafik.de\/wp-content\/uploads\/Daumenkino_2-400x558.jpg 400w\" sizes=\"(max-width: 660px) 100vw, 660px\" \/><\/figure><\/li><li class=\"blocks-gallery-item\"><figure><img loading=\"lazy\" width=\"660\" height=\"921\" src=\"http:\/\/cj-grafik.de\/wp-content\/uploads\/Daumenkino_3.jpg\" alt=\"\" data-id=\"2227\" data-link=\"http:\/\/cj-grafik.de\/workshop\/daumenkino\/daumenkino_3\" class=\"wp-image-2227\" srcset=\"http:\/\/cj-grafik.de\/wp-content\/uploads\/Daumenkino_3.jpg 660w, http:\/\/cj-grafik.de\/wp-content\/uploads\/Daumenkino_3-215x300.jpg 215w, http:\/\/cj-grafik.de\/wp-content\/uploads\/Daumenkino_3-107x150.jpg 107w, http:\/\/cj-grafik.de\/wp-content\/uploads\/Daumenkino_3-400x558.jpg 400w\" sizes=\"(max-width: 660px) 100vw, 660px\" \/><\/figure><\/li><\/ul>\n\n\n\n<p>Ich ben\u00f6tige:<br>\u2022 Platz f\u00fcr die Plakate<br>\u2022 je nach Teilnehmerzahl Tafel\/Flipboard\/Whiteboard<br>\u2022 evtl. Stifte und Papier f\u00fcr die Skizzen der TeilnehmerInnen<\/p>\n\n\n\n<p>Ich bringe mit:&nbsp;<br>\u2022 vier \u00fcbersichtliche Plakate&nbsp;<br>\u2022 Beispieldaumenkinos<br>\u2022 leere Daumenkinos<br>\u2022 mehrfarbige Kugelschreiber<\/p>\n\n\n\n<p><a href=\"http:\/\/cj-grafik.de\/?page_id=1631\">\u2026 zur\u00fcck zu den Workshops<\/a><\/p>\n","protected":false},"excerpt":{"rendered":"\n<p>Dauer: 2\u20133 Stunden (auf Anfrage auch l\u00e4nger)Alter: ab 9 JahreTeilnehmeranzahl: bis 12Ziel: Die TeilnehmerInnen lernen Gestaltungsprinzipien und -techniken kennen und zeichnen ihr eigenes, individuelles Daumenkino. Der Spa\u00df steht dabei im Vordergrund.&nbsp;<\/p>\n<p>Stationen:1. Wie funktioniert ein Daumenkino?Vor der Arbeit kommt das Vergn\u00fcgen: Wir schauen uns Daumenkinos an und &nbsp;\u00fcberlegen zusammen, wie diese funktionieren. Dann probieren [&#8230;]<\/p>\n","protected":false},"author":1,"featured_media":0,"parent":1631,"menu_order":3,"comment_status":"closed","ping_status":"closed","template":"","meta":[],"_links":{"self":[{"href":"http:\/\/cj-grafik.de\/index.php?rest_route=\/wp\/v2\/pages\/2209"}],"collection":[{"href":"http:\/\/cj-grafik.de\/index.php?rest_route=\/wp\/v2\/pages"}],"about":[{"href":"http:\/\/cj-grafik.de\/index.php?rest_route=\/wp\/v2\/types\/page"}],"author":[{"embeddable":true,"href":"http:\/\/cj-grafik.de\/index.php?rest_route=\/wp\/v2\/users\/1"}],"replies":[{"embeddable":true,"href":"http:\/\/cj-grafik.de\/index.php?rest_route=%2Fwp%2Fv2%2Fcomments&post=2209"}],"version-history":[{"count":6,"href":"http:\/\/cj-grafik.de\/index.php?rest_route=\/wp\/v2\/pages\/2209\/revisions"}],"predecessor-version":[{"id":2350,"href":"http:\/\/cj-grafik.de\/index.php?rest_route=\/wp\/v2\/pages\/2209\/revisions\/2350"}],"up":[{"embeddable":true,"href":"http:\/\/cj-grafik.de\/index.php?rest_route=\/wp\/v2\/pages\/1631"}],"wp:attachment":[{"href":"http:\/\/cj-grafik.de\/index.php?rest_route=%2Fwp%2Fv2%2Fmedia&parent=2209"}],"curies":[{"name":"wp","href":"https:\/\/api.w.org\/{rel}","templated":true}]}}