{"id":1631,"date":"2016-02-10T16:19:24","date_gmt":"2016-02-10T15:19:24","guid":{"rendered":"http:\/\/cj-grafik.de\/?page_id=1631"},"modified":"2025-11-27T19:02:30","modified_gmt":"2025-11-27T18:02:30","slug":"workshop","status":"publish","type":"page","link":"https:\/\/cj-grafik.de\/?page_id=1631","title":{"rendered":"Workshop"},"content":{"rendered":"\n<p>Ich biete Workshops f\u00fcr verschiedene Zielgruppen und Themen an. Hier sind drei beliebte Beispiele:<\/p>\n\n\n\n<blockquote class=\"wp-block-quote\"><p><strong><a rel=\"noreferrer noopener\" aria-label=\" (\u00f6ffnet in neuem Tab)\" href=\"http:\/\/cj-grafik.de\/?page_id=2203\" target=\"_blank\">Comic zeichnen<\/a><br><\/strong>Wir lernen die Grundlagen des Comics kennen und zeichnen jeder eine individuelle Geschichte.<br>Alter: ab 9 Jahren  <a href=\"http:\/\/cj-grafik.de\/?page_id=2203\">\u2026 klick hier f\u00fcr Details<\/a><br><\/p><\/blockquote>\n\n\n\n<blockquote class=\"wp-block-quote\"><p><strong><a rel=\"noreferrer noopener\" aria-label=\" (\u00f6ffnet in neuem Tab)\" href=\"http:\/\/cj-grafik.de\/?page_id=2207\" target=\"_blank\">Zeichnen als Sprache<\/a><br><\/strong>Wir lernen das Sprechen mit dem Zeichenstift! <br>Alter: ab 16 Jahren. <a rel=\"noreferrer noopener\" aria-label=\" (\u00f6ffnet in neuem Tab)\" href=\"http:\/\/cj-grafik.de\/?page_id=2207\" target=\"_blank\">\u2026 klick hier f\u00fcr Details<\/a><br><\/p><\/blockquote>\n\n\n\n<blockquote class=\"wp-block-quote\"><p><strong><a href=\"http:\/\/cj-grafik.de\/?page_id=2209\" target=\"_blank\" rel=\"noreferrer noopener\" aria-label=\" (\u00f6ffnet in neuem Tab)\">Daumenkino<\/a><br><\/strong>Wir lernen die Grundlagen der Animation kennen und zeichnen jeder ein individuelles Daumenkino.<br>Alter: ab 9 Jahren. <a rel=\"noreferrer noopener\" aria-label=\" (\u00f6ffnet in neuem Tab)\" href=\"http:\/\/cj-grafik.de\/?page_id=2209\" target=\"_blank\">\u2026 klick hier f\u00fcr Details<\/a><\/p><\/blockquote>\n\n\n\n<p>Ich passe die Angebote gerne an Ihre Bed\u00fcrfnisse an \u2013 ich bin auch offen f\u00fcr komplett neue Ideen. Sprechen Sie mich einfach an!<\/p>\n\n\n\n<div style=\"height:50px\" aria-hidden=\"true\" class=\"wp-block-spacer\"><\/div>\n\n\n\n<figure class=\"wp-block-image is-resized\"><img loading=\"lazy\" src=\"http:\/\/cj-grafik.de\/wp-content\/uploads\/workshop_1-1.jpg\" alt=\"\" class=\"wp-image-2255\" width=\"775\" height=\"594\" srcset=\"https:\/\/cj-grafik.de\/wp-content\/uploads\/workshop_1-1.jpg 775w, https:\/\/cj-grafik.de\/wp-content\/uploads\/workshop_1-1-300x230.jpg 300w, https:\/\/cj-grafik.de\/wp-content\/uploads\/workshop_1-1-768x589.jpg 768w, https:\/\/cj-grafik.de\/wp-content\/uploads\/workshop_1-1-150x115.jpg 150w, https:\/\/cj-grafik.de\/wp-content\/uploads\/workshop_1-1-400x307.jpg 400w\" sizes=\"(max-width: 775px) 100vw, 775px\" \/><\/figure>\n\n\n\n<div style=\"height:50px\" aria-hidden=\"true\" class=\"wp-block-spacer\"><\/div>\n\n\n\n<p><\/p>\n\n\n\n<p><strong>Anstehende Workshops<\/strong><\/p>\n\n\n\n<ul><li><\/li><\/ul>\n\n\n\n<p><strong>Bisherige Kurse und Workshops<\/strong><\/p>\n\n\n\n<ul><li>2011: erste Workshops &#8222;Comic zeichnen&#8220; in Kerpen und K\u00f6ln<\/li><li>2015 bis 2019: Kurs \u201eComic zeichnen\u201c in der\u00a0<a rel=\"noreferrer noopener\" href=\"http:\/\/www.vhs-rhein-erft.de\/?id=50\" target=\"_blank\">VHS H\u00fcrth-Efferen<\/a>.\u00a0<\/li><li>6. \u2013 7. August 2015: Zeichen-Workshop f\u00fcr Jugendliche im Jugendpark Hennef im Rahmen des Kulturrucksacks NRW<\/li><li>11. \u2013 13. Oktober 2016: Workshop &#8222;Comic zeichnen&#8220; im Rahmen des Jugendkulturprojekts &#8222;IYouWe&#8220; der Stadt Bonn<\/li><li>17. \u2013 21. Oktober 2016: Workshop &#8222;Comic zeichnen&#8220; im Rahmen des &#8222;talentCAMPus&#8220; der Stadt K\u00f6ln<\/li><li>2017 \u2013 2019: Dozent im Kunstraum85 in Bonn Bad-Godesberg<\/li><li>Juni 2018: Workshop &#8222;Comic zeichnen&#8220; in einer K\u00f6lner Grundschule, f\u00fcr den Verein ArtAsyl<\/li><li>Juli 2018: Workshop &#8222;Daumenkino&#8220; f\u00fcr Kinder und Jugendliche in Hennef im Rahmen des Kulturrucksacks NRW<\/li><li>seit 2018: \u00a0Unterst\u00fctzung des Festivals &#8222;Soul in the Air&#8220; im Odonien, K\u00f6ln, als K\u00fcnstler und zeichnerischer Berater<\/li><li>19. Oktober 2018: Workshop &#8222;Sprechen mit dem Zeichenstift&#8220; f\u00fcr Ehrenamtler und Gefl\u00fcchtete in Troisdorf\u00a0<a href=\"https:\/\/www.troisdorf.city\/Unternehmen-Geschaefte-mehr\/Evangelische-Kirchengemeinde-Troisdorf\/Sprechen-mit-dem-Zeichenstift\/(relid)\/17507?fbclid=IwAR2urOLtUyVu9yBtsGuPh65SE_LvqFf65F09gTV9bTzLWHJHzmmu3phumP4\">Klick hier f\u00fcr einen Bericht.<\/a><\/li><li>31. Juli 2019: Workshop &#8222;Comic zeichnen&#8220; im LVR-Museum &#8222;Papierm\u00fchle Alte Dombach&#8220; in Bergisch-Gladbach<\/li><li>21. \u2013 22. September 2019: Workshop &#8222;Comic zeichnen&#8220; im Bergbaumuseum in Herdorf<\/li><li>Seit dem 26.9.2019 w\u00f6chentliche Comic-AG in der OGS Siegauenschule, Troisdorf (beendet)<\/li><li>Seit dem 6.12.2019 w\u00f6chentliche Comic-AG in der OGS Erlenweg, K\u00f6ln (beendet)<\/li><li>Seit dem 15.1.2020 w\u00f6chentliche Comic-AG in der OGS Janosch, Troisdorf (beendet)<\/li><li>Seit dem 8.6.2020 leite ich die Online-Comic-Ag der Friedrich-Ebert-Realschule H\u00fcrth (beendet)<\/li><li>9. Juli 2020: Workshop &#8222;Comic zeichnen&#8220; im Rahmen der Sommerlesereise der Stadt Hennef<\/li><li>15. Juli 2020: Zeichenworkshop im Rahmen des Ferienprogramms des Jugendparks Hennef<\/li><li>5. September 2020: Workshop &#8222;Comic zeichnen&#8220; in der Stadtbibliothek M\u00fclheim an der Ruhr<\/li><li>25.11. und 2.12.2020: Workshops &#8222;Comic zeichnen&#8220; im Rahmen des Projekts L\u00fcnipa \u2013 L\u00fcnen integriert durch Partizipation<\/li><li>M\u00e4rz 2021: Online-Workshop &#8222;Comic zeichnen! \u2013 f\u00fcr Kinder&#8220; in Zusammenarbeit mit dem B\u00fcrgerhaus Kalk<\/li><li>April 2021: Online-Workshop &#8222;Comic zeichnen! \u2013 f\u00fcr Erwachsene&#8220; in Zusammenarbeit mit dem B\u00fcrgerhaus Kalk<\/li><li>1. \u2013 2. Mai 2021: Online-Workshop &#8222;Comic zeichnen&#8220; f\u00fcr den Kreis Altenkirchen<\/li><li>29. \u2013 30. Mai 2021: Online-Workshop &#8222;Comic zeichnen&#8220; f\u00fcr den Kreis Altenkirchen<\/li><li>5. \u2013 6. Juli 2021: Zeichenworkshops im Rahmen des Ferienprogramms des Jugendparks Hennef<\/li><li>7. Juli 2021: Workshop &#8222;Comic zeichnen&#8220; in der Stadtteilbibliothek D\u00fcmpten, M\u00fclheim an der Ruhr<\/li><li>9. Juli 2021: Workshop &#8222;Comic zeichnen&#8220; in der Stadtteilbibliothek Speldorf, M\u00fclheim an der Ruhr<\/li><li>21. Juli 2021: Workshop &#8222;Comic zeichnen&#8220; in der Stadtteilbibliothek Styrum, M\u00fclheim an der Ruhr<\/li><li>29. Juli 2021: Workshop &#8222;Comic zeichnen&#8220; in der Stadtteilbibliothek Heissen, M\u00fclheim an der Ruhr<\/li><li>3. August 2021: Workshop &#8222;Comic zeichnen&#8220; in der Stadtbibliothek M\u00fclheim an der Ruhr<\/li><li>27. Juli 2021: Workshop &#8222;Comic zeichnen&#8220; in der Freizeitanlage Klingelp\u00fctz, K\u00f6ln<\/li><li>28. und 30. Juli 2021: Workshop &#8222;Comic zeichnen&#8220; im Rahmen von &#8222;HofSommerKalk&#8220; im B\u00fcrgerzentrum Kalk, K\u00f6ln<\/li><li>19.7., 26.7. und 2.8.2021: Online-Workshop &#8222;Comic zeichnen&#8220; f\u00fcr die Stadtb\u00fccherei Bergisch Gladbach<\/li><li>Seit dem 28.10.2021 w\u00f6chentliche Comic-AG in der Ildefons-Herwegen-Schule, K\u00f6ln (beendet)<\/li><li>26. November: Online-Workshop &#8222;Comic zeichnen&#8220; im Rahmen der &#8222;Talentcampus-Netzwerktagung&#8220;<\/li><li>27. \u2013 28. November 2021: Workshop &#8222;Comic zeichnen&#8220; in H\u00fcrth im Rahmen des Kulturrucksacks NRW<\/li><li>Seit dem 1.2.2022 w\u00f6chentliche Knet-Comic-AG in der OGS Lindenburger Allee, K\u00f6ln (beendet)<\/li><li>19. \u2013 20. M\u00e4rz 2022: Workshop &#8222;Comic zeichnen&#8220; f\u00fcr den Kreis Altenkirchen<\/li><li>12. April Workshop &#8222;Comic zeichnen&#8220; im Hof des B\u00fcrgerhauses Kalk<\/li><li>14. \u2013 15. Mai 2022: Workshop &#8222;Comic zeichnen&#8220; f\u00fcr den Kreis Altenkirchen<\/li><li>17. \u2013 21. Mai 2022: Projektwoche &#8222;Knetecomic&#8220;, Grundschule am Bildungscampus K\u00f6ln-Kalk<\/li><li>26. Mai: Workshops &#8222;Shakespeare und Comic&#8220; f\u00fcr Kinder und Jugendliche im Rahmen des Shakespeare-Festivals in Neuss<\/li><li>28. und 30. Juni 2022: Workshop &#8222;Comic zeichnen&#8220; im Rahmen von &#8222;HofSommerKalk&#8220; im B\u00fcrgerzentrum Kalk, K\u00f6ln<\/li><li>6. Juli 2021: Workshop &#8222;Comic zeichnen&#8220; in der Stadtteilbibliothek D\u00fcmpten, M\u00fclheim an der Ruhr<\/li><li>8. Juli 2021: Workshop &#8222;Comic zeichnen&#8220; in der Stadtteilbibliothek Speldorf, M\u00fclheim an der Ruhr<\/li><li>20. Juli 2022: Workshop &#8222;Comic zeichnen&#8220; auf Schloss Homburg, N\u00fcmbrecht<\/li><li>22. Juli 2022: Workshop &#8222;Comic zeichnen&#8220; in der Stadtteilbibliothek Hei\u00dfen, M\u00fclheim an der Ruhr<\/li><li>3. August 2022: Workshop &#8222;Comic zeichnen&#8220; in der Stadtteilbibliothek Styrum, M\u00fclheim an der Ruhr<\/li><li>4. \u2013 5. August 2022: Workshop &#8222;Comic zeichnen&#8220; im Rahmen von &#8222;HofSommerKalk&#8220; im B\u00fcrgerzentrum Kalk, K\u00f6ln<\/li><li>20. August 2022: Workshop &#8222;Comic zeichnen&#8220; in der Stadtbibliothek M\u00fclheim an der Ruhr<\/li><li>8. Oktober: Workshop &#8222;Comic zeichnen&#8220; in Asbach<\/li><li>13. Oktober 2022: Workshop &#8222;Comic zeichnen&#8220; in der Stadtbibliothek Neuss<\/li><li>18. November 2022: Workshop &#8222;Comic zeichnen&#8220; in der Stadtteilbibliothek K\u00f6ln-Kalk<\/li><li>Seit dem 5.12.2022 w\u00f6chentlicher Comic-Kurs im <a rel=\"noreferrer noopener\" href=\"https:\/\/spielewerkstatt.de\/malraum\/malraum-ueber-uns\" target=\"_blank\">Malraum im Luftschiff<\/a>, K\u00f6ln-Nippes<\/li><li>4. \u2013 5. M\u00e4rz 2023: Workshop &#8222;Comic zeichnen&#8220; in Wissen an der Sieg<\/li><li>13. Mai 2023: Zwei Workshops &#8222;Comic zeichnen&#8220; in der Stadtbibliothek Neuss<\/li><li>29. Juni 2023: Workshop &#8222;Comic zeichnen&#8220; in der Stadtteilbibliothek Hei\u00dfen, M\u00fclheim an der Ruhr<\/li><li>30. Juni 2023: Workshop &#8222;Comic zeichnen&#8220; in der Stadtteilbibliothek Speldorf, M\u00fclheim an der Ruhr<\/li><li>5. Juli 2023: Workshop &#8222;Comic zeichnen&#8220; in der Stadtteilbibliothek D\u00fcmpten, M\u00fclheim an der Ruhr<\/li><li>6. und 7. Juli 2023: Workshop &#8222;Comic zeichnen&#8220; im B\u00fcrgerzentrum Kalk, K\u00f6ln<\/li><li>12. Juli 2023: Workshop &#8222;Comic zeichnen&#8220; in der Stadtteilbibliothek Styrum, M\u00fclheim an der Ruhr<\/li><li>13. Juli 2023: Workshop &#8222;Comic zeichnen&#8220; in der Stadtbibliothek Hennef an der Sieg<\/li><li>16. Juli 2023: Kreativ-Angebote f\u00fcr G\u00e4ste des Festivals &#8222;Soul in the Air&#8220; im Odonien, K\u00f6ln<\/li><li>11. und 18. August 2023: Workshop &#8222;Comic zeichnen&#8220; mit dem Comickollektiv im C\u00f6ln Comic Haus<\/li><li>12. August 2023: Workshop &#8222;Comic zeichnen&#8220; in der Jugendeinrichtung Sinnflut in Korschenbroich-Glehn<\/li><li>19. August 2023: Workshop &#8222;Comic zeichnen&#8220; in der Stadtbibliothek M\u00fclheim an der Ruhr<\/li><li>30. September 2023: Workshop &#8222;Comic zeichnen&#8220; in der Stadtbibliothek Bergheim<\/li><li>14. Oktober 2023: Workshop &#8222;Comic zeichnen&#8220; im B\u00fcrgerzentrum Kalk, K\u00f6ln<\/li><li>3. und 10. November 2023: Workshop &#8222;Comic zeichnen&#8220; mit dem Comickollektiv im C\u00f6ln Comic Haus<\/li><li>2. und 23. Februar 2024: Workshop &#8222;Comic zeichnen&#8220; mit dem Comickollektiv im C\u00f6ln Comic Haus<\/li><li>3. Mai 2024: Workshop &#8222;Comic zeichnen&#8220; mit dem Comickollektiv im C\u00f6ln Comic Haus<\/li><li>4. Mai 2024: Workshop &#8222;Comic zeichnen&#8220; in der Stadtteilbibliothek K\u00f6ln-Kalk<\/li><li>11. Mai 2024: Workshop &#8222;Comic zeichnen&#8220; in der Stadtbibliothek M\u00fclheim an der Ruhr<\/li><li>7. Juli 2024: Workshop &#8222;Comic zeichnen&#8220; im Clemens Sels Museum Neuss<\/li><li>10. Juli 2024: Workshop &#8222;Comic zeichnen&#8220; im B\u00fcrgerzentrum Kalk, K\u00f6ln<\/li><li>11. Juli 2024: Workshop &#8222;Stopmotion&#8220; im B\u00fcrgerzentrum Kalk, K\u00f6ln<\/li><li>18. Juli 2024: Workshop &#8222;Comic zeichnen&#8220; in der Stadtteilbibliothek Bergisch-Gladbach Bensberg<\/li><li>3. August 2024: Workshop &#8222;Comic zeichnen&#8220; in der Stadtbibliothek Bergisch-Gladbach<\/li><li>13. August 2024: Workshop &#8222;Beatboxen&#8220; in der Technischen Hochschule K\u00f6ln<\/li><li>24. August 2024: Workshop &#8222;Comic zeichnen&#8220; auf privater Geburtstagsfeier<\/li><li>20. Oktober 2024: Workshop &#8222;Comic zeichnen&#8220; im Neanderthal-Museum in Mettmann<\/li><li>8. November 2024: Workshop &#8222;Comic zeichnen&#8220; mit dem Comickollektiv im C\u00f6ln Comic Haus<\/li><li>9. November 2024: Workshop &#8222;Comic zeichnen&#8220; im Stadtmuseum Langenfeld<\/li><li>11. Dezember 2024: Workshop &#8222;Beatboxen&#8220; in der Technischen Hochschule K\u00f6ln<\/li><li>10. Mai 2025: Workshop &#8222;Comic zeichnen&#8220; in der Stadtbibliothek M\u00fclheim an der Ruhr<\/li><li>15. Juli 2025: Workshop &#8222;Comic zeichnen&#8220; im B\u00fcrgerzentrum Kalk, K\u00f6ln<\/li><li>17. Juli 2025: Workshop &#8222;Stopmotion&#8220; im B\u00fcrgerzentrum Kalk, K\u00f6ln<\/li><li>27. November 2025: Workshop &#8222;Comic zeichnen&#8220; in der Gesamtschule Gummersbach<\/li><\/ul>\n\n\n\n<p><\/p>\n","protected":false},"excerpt":{"rendered":"\n<p>Ich biete Workshops f\u00fcr verschiedene Zielgruppen und Themen an. Hier sind drei beliebte Beispiele:<\/p>\n<p>Comic zeichnenWir lernen die Grundlagen des Comics kennen und zeichnen jeder eine individuelle Geschichte.Alter: ab 9 Jahren \u2026 klick hier f\u00fcr Details<\/p>\n<p>Zeichnen als SpracheWir lernen das Sprechen mit dem Zeichenstift! Alter: ab 16 Jahren. \u2026 klick hier f\u00fcr Details<\/p>\n<p> [&#8230;]<\/p>\n","protected":false},"author":1,"featured_media":0,"parent":0,"menu_order":0,"comment_status":"closed","ping_status":"closed","template":"","meta":[],"_links":{"self":[{"href":"https:\/\/cj-grafik.de\/index.php?rest_route=\/wp\/v2\/pages\/1631"}],"collection":[{"href":"https:\/\/cj-grafik.de\/index.php?rest_route=\/wp\/v2\/pages"}],"about":[{"href":"https:\/\/cj-grafik.de\/index.php?rest_route=\/wp\/v2\/types\/page"}],"author":[{"embeddable":true,"href":"https:\/\/cj-grafik.de\/index.php?rest_route=\/wp\/v2\/users\/1"}],"replies":[{"embeddable":true,"href":"https:\/\/cj-grafik.de\/index.php?rest_route=%2Fwp%2Fv2%2Fcomments&post=1631"}],"version-history":[{"count":90,"href":"https:\/\/cj-grafik.de\/index.php?rest_route=\/wp\/v2\/pages\/1631\/revisions"}],"predecessor-version":[{"id":2724,"href":"https:\/\/cj-grafik.de\/index.php?rest_route=\/wp\/v2\/pages\/1631\/revisions\/2724"}],"wp:attachment":[{"href":"https:\/\/cj-grafik.de\/index.php?rest_route=%2Fwp%2Fv2%2Fmedia&parent=1631"}],"curies":[{"name":"wp","href":"https:\/\/api.w.org\/{rel}","templated":true}]}}